{"id":54784,"date":"2024-03-14T10:51:02","date_gmt":"2024-03-14T09:51:02","guid":{"rendered":"https:\/\/oldfashionedclub.com\/shop\/hermes-cashmere-pegase-paysage-scarf\/"},"modified":"2025-02-17T12:14:01","modified_gmt":"2025-02-17T11:14:01","slug":"hermes-cashmere-pegase-paysage-scarf","status":"publish","type":"product","link":"https:\/\/oldfashionedclub.com\/en\/shop\/hermes-cashmere-pegase-paysage-scarf\/","title":{"rendered":"Hermes cashmere &#8220;P\u00e9gase paysage&#8221; scarf"},"content":{"rendered":"","protected":false},"excerpt":{"rendered":"<p>Herm\u00e8s &#8220;P\u00e9gase Paysage&#8221; cashmere and silk scarf. Never worn. Price label always present.<\/p>\n","protected":false},"featured_media":52741,"template":"","meta":[],"product_brand":[],"product_cat":[763,767],"product_tag":[],"class_list":{"0":"post-54784","1":"product","2":"type-product","3":"status-publish","4":"has-post-thumbnail","6":"product_cat-accessoires-homme","7":"product_cat-foulards-echarpes-accessoires-homme","8":"pa_couleur-gris-anthracite","9":"pa_couleur-bleu","10":"pa_couleur-rouge","11":"pa_deposant-luxe-factory","12":"pa_etat-jamais-porte","13":"pa_matiere-cachemire","14":"pa_matiere-soie","15":"pa_pays-de-fabrication-france","16":"ts_product_brand-hermes-en","18":"first","19":"outofstock","20":"sold-individually","21":"shipping-taxable","22":"purchasable","23":"product-type-simple","24":"add-to-wishlist-after_add_to_cart"},"_links":{"self":[{"href":"https:\/\/oldfashionedclub.com\/en\/wp-json\/wp\/v2\/product\/54784","targetHints":{"allow":["GET"]}}],"collection":[{"href":"https:\/\/oldfashionedclub.com\/en\/wp-json\/wp\/v2\/product"}],"about":[{"href":"https:\/\/oldfashionedclub.com\/en\/wp-json\/wp\/v2\/types\/product"}],"version-history":[{"count":0,"href":"https:\/\/oldfashionedclub.com\/en\/wp-json\/wp\/v2\/product\/54784\/revisions"}],"wp:featuredmedia":[{"embeddable":true,"href":"https:\/\/oldfashionedclub.com\/en\/wp-json\/wp\/v2\/media\/52741"}],"wp:attachment":[{"href":"https:\/\/oldfashionedclub.com\/en\/wp-json\/wp\/v2\/media?parent=54784"}],"wp:term":[{"taxonomy":"product_brand","embeddable":true,"href":"https:\/\/oldfashionedclub.com\/en\/wp-json\/wp\/v2\/product_brand?post=54784"},{"taxonomy":"product_cat","embeddable":true,"href":"https:\/\/oldfashionedclub.com\/en\/wp-json\/wp\/v2\/product_cat?post=54784"},{"taxonomy":"product_tag","embeddable":true,"href":"https:\/\/oldfashionedclub.com\/en\/wp-json\/wp\/v2\/product_tag?post=54784"}],"curies":[{"name":"wp","href":"https:\/\/api.w.org\/{rel}","templated":true}]}}