{"id":55964,"date":"2023-03-04T12:21:22","date_gmt":"2023-03-04T11:21:22","guid":{"rendered":"https:\/\/oldfashionedclub.com\/shop\/birkin-bag-35-hermes-leather-taurillon-clemence-black\/"},"modified":"2025-02-17T12:29:07","modified_gmt":"2025-02-17T11:29:07","slug":"birkin-bag-35-hermes-leather-taurillon-clemence-black","status":"publish","type":"product","link":"https:\/\/oldfashionedclub.com\/en\/shop\/birkin-bag-35-hermes-leather-taurillon-clemence-black\/","title":{"rendered":"Birkin bag 35 Herm\u00e8s leather taurillon cl\u00e9mence black"},"content":{"rendered":"","protected":false},"excerpt":{"rendered":"<p>Birkin 35 Herm\u00e8s bag in black cl\u00e9mence taurillon. Silver jewelry. In very good condition. Slight scratches on the jewelry. See photos.<\/p>\n","protected":false},"featured_media":49392,"template":"","meta":[],"product_brand":[],"product_cat":[625,334,633,276,178],"product_tag":[],"class_list":{"0":"post-55964","1":"product","2":"type-product","3":"status-publish","4":"has-post-thumbnail","6":"product_cat-sacs","7":"product_cat-birkin-hermes","8":"product_cat-sacs-a-main-sacs","9":"product_cat-modeles-iconiques","10":"product_cat-femme","11":"pa_annee-329","12":"pa_bijouterie-argent","13":"pa_boites-non","14":"pa_couleur-noir","15":"pa_dustbag-old-fashioned-club","16":"pa_etat-tres-bon-etat","17":"pa_matiere-cuir-taurillon","18":"pa_pays-de-fabrication-france-en","19":"pa_taille-sac-35cm","20":"ts_product_brand-hermes-en","22":"first","23":"outofstock","24":"sold-individually","25":"shipping-taxable","26":"purchasable","27":"product-type-simple","28":"add-to-wishlist-after_add_to_cart"},"_links":{"self":[{"href":"https:\/\/oldfashionedclub.com\/en\/wp-json\/wp\/v2\/product\/55964","targetHints":{"allow":["GET"]}}],"collection":[{"href":"https:\/\/oldfashionedclub.com\/en\/wp-json\/wp\/v2\/product"}],"about":[{"href":"https:\/\/oldfashionedclub.com\/en\/wp-json\/wp\/v2\/types\/product"}],"version-history":[{"count":0,"href":"https:\/\/oldfashionedclub.com\/en\/wp-json\/wp\/v2\/product\/55964\/revisions"}],"wp:featuredmedia":[{"embeddable":true,"href":"https:\/\/oldfashionedclub.com\/en\/wp-json\/wp\/v2\/media\/49392"}],"wp:attachment":[{"href":"https:\/\/oldfashionedclub.com\/en\/wp-json\/wp\/v2\/media?parent=55964"}],"wp:term":[{"taxonomy":"product_brand","embeddable":true,"href":"https:\/\/oldfashionedclub.com\/en\/wp-json\/wp\/v2\/product_brand?post=55964"},{"taxonomy":"product_cat","embeddable":true,"href":"https:\/\/oldfashionedclub.com\/en\/wp-json\/wp\/v2\/product_cat?post=55964"},{"taxonomy":"product_tag","embeddable":true,"href":"https:\/\/oldfashionedclub.com\/en\/wp-json\/wp\/v2\/product_tag?post=55964"}],"curies":[{"name":"wp","href":"https:\/\/api.w.org\/{rel}","templated":true}]}}