{"id":56101,"date":"2022-05-31T12:36:56","date_gmt":"2022-05-31T10:36:56","guid":{"rendered":"https:\/\/oldfashionedclub.com\/shop\/hermes-farandole-bracelet-silver-925\/"},"modified":"2025-02-17T12:42:31","modified_gmt":"2025-02-17T11:42:31","slug":"hermes-farandole-bracelet-silver-925","status":"publish","type":"product","link":"https:\/\/oldfashionedclub.com\/en\/shop\/hermes-farandole-bracelet-silver-925\/","title":{"rendered":"Herm\u00e8s Farandole bracelet silver 925"},"content":{"rendered":"","protected":false},"excerpt":{"rendered":"<p>Farandole silver bracelet by Herm\u00e8s. In 1938, Robert Dumas, a member of the Herm\u00e8s family, took inspiration from a ship&#8217;s anchor chain to design a piece of jewelry. The result is the Cha\u00eene d&#8217;ancre bracelet, with its chic, sporty allure. A play of shapes and volumes, these polished, beaded or twisted links are multiplied into necklaces, long necklaces, rings, earrings and bracelets.<\/p>\n","protected":false},"featured_media":48047,"template":"","meta":[],"product_brand":[],"product_cat":[1140,1115,1109],"product_tag":[],"class_list":{"0":"post-56101","1":"product","2":"type-product","3":"status-publish","4":"has-post-thumbnail","6":"product_cat-bracelets-and-cuffs","7":"product_cat-jewelry-en","8":"product_cat-woman","9":"pa_couleur-silver","10":"pa_etat-very-good-condition","11":"pa_matiere-silver","12":"ts_product_brand-hermes-en","14":"first","15":"outofstock","16":"sold-individually","17":"shipping-taxable","18":"purchasable","19":"product-type-simple","20":"add-to-wishlist-after_add_to_cart"},"_links":{"self":[{"href":"https:\/\/oldfashionedclub.com\/en\/wp-json\/wp\/v2\/product\/56101","targetHints":{"allow":["GET"]}}],"collection":[{"href":"https:\/\/oldfashionedclub.com\/en\/wp-json\/wp\/v2\/product"}],"about":[{"href":"https:\/\/oldfashionedclub.com\/en\/wp-json\/wp\/v2\/types\/product"}],"version-history":[{"count":0,"href":"https:\/\/oldfashionedclub.com\/en\/wp-json\/wp\/v2\/product\/56101\/revisions"}],"wp:featuredmedia":[{"embeddable":true,"href":"https:\/\/oldfashionedclub.com\/en\/wp-json\/wp\/v2\/media\/48047"}],"wp:attachment":[{"href":"https:\/\/oldfashionedclub.com\/en\/wp-json\/wp\/v2\/media?parent=56101"}],"wp:term":[{"taxonomy":"product_brand","embeddable":true,"href":"https:\/\/oldfashionedclub.com\/en\/wp-json\/wp\/v2\/product_brand?post=56101"},{"taxonomy":"product_cat","embeddable":true,"href":"https:\/\/oldfashionedclub.com\/en\/wp-json\/wp\/v2\/product_cat?post=56101"},{"taxonomy":"product_tag","embeddable":true,"href":"https:\/\/oldfashionedclub.com\/en\/wp-json\/wp\/v2\/product_tag?post=56101"}],"curies":[{"name":"wp","href":"https:\/\/api.w.org\/{rel}","templated":true}]}}