{"id":56397,"date":"2024-01-16T13:40:52","date_gmt":"2024-01-16T12:40:52","guid":{"rendered":"https:\/\/oldfashionedclub.com\/shop\/birkin-35-togo-hermes-black\/"},"modified":"2025-02-17T12:19:07","modified_gmt":"2025-02-17T11:19:07","slug":"birkin-35-togo-hermes-black","status":"publish","type":"product","link":"https:\/\/oldfashionedclub.com\/en\/shop\/birkin-35-togo-hermes-black\/","title":{"rendered":"Birkin 35 Taurillon Cl\u00e9mence Herm\u00e8s &#8211; Year 2009"},"content":{"rendered":"","protected":false},"excerpt":{"rendered":"<p>Birkin 35 Herm\u00e8s in black togo leather. Hand-carried. Letter M in a square, year 2009. Silver jewelry. In very good condition.<\/p>\n","protected":false},"featured_media":51949,"template":"","meta":[],"product_brand":[],"product_cat":[625,334,633,276,178],"product_tag":[],"class_list":{"0":"post-56397","1":"product","2":"type-product","3":"status-publish","4":"has-post-thumbnail","6":"product_cat-sacs","7":"product_cat-birkin-hermes","8":"product_cat-sacs-a-main-sacs","9":"product_cat-modeles-iconiques","10":"product_cat-femme","11":"pa_annee-2009-en","12":"pa_bijouterie-silver","13":"pa_boites-no","14":"pa_couleur-black","15":"pa_dustbag-old-fashioned-club-en","16":"pa_etat-very-good-condition","17":"pa_matiere-leather-togo","18":"pa_pays-de-fabrication-france-en","19":"pa_taille-sac-35cm-en","20":"ts_product_brand-hermes-en","22":"first","23":"outofstock","24":"sale","25":"sold-individually","26":"shipping-taxable","27":"purchasable","28":"product-type-simple","29":"add-to-wishlist-after_add_to_cart"},"_links":{"self":[{"href":"https:\/\/oldfashionedclub.com\/en\/wp-json\/wp\/v2\/product\/56397","targetHints":{"allow":["GET"]}}],"collection":[{"href":"https:\/\/oldfashionedclub.com\/en\/wp-json\/wp\/v2\/product"}],"about":[{"href":"https:\/\/oldfashionedclub.com\/en\/wp-json\/wp\/v2\/types\/product"}],"version-history":[{"count":0,"href":"https:\/\/oldfashionedclub.com\/en\/wp-json\/wp\/v2\/product\/56397\/revisions"}],"wp:featuredmedia":[{"embeddable":true,"href":"https:\/\/oldfashionedclub.com\/en\/wp-json\/wp\/v2\/media\/51949"}],"wp:attachment":[{"href":"https:\/\/oldfashionedclub.com\/en\/wp-json\/wp\/v2\/media?parent=56397"}],"wp:term":[{"taxonomy":"product_brand","embeddable":true,"href":"https:\/\/oldfashionedclub.com\/en\/wp-json\/wp\/v2\/product_brand?post=56397"},{"taxonomy":"product_cat","embeddable":true,"href":"https:\/\/oldfashionedclub.com\/en\/wp-json\/wp\/v2\/product_cat?post=56397"},{"taxonomy":"product_tag","embeddable":true,"href":"https:\/\/oldfashionedclub.com\/en\/wp-json\/wp\/v2\/product_tag?post=56397"}],"curies":[{"name":"wp","href":"https:\/\/api.w.org\/{rel}","templated":true}]}}