{"id":56509,"date":"2023-01-30T11:59:19","date_gmt":"2023-01-30T10:59:19","guid":{"rendered":"https:\/\/oldfashionedclub.com\/shop\/square-hermes-square-projects\/"},"modified":"2025-02-17T12:29:34","modified_gmt":"2025-02-17T11:29:34","slug":"square-hermes-square-projects","status":"publish","type":"product","link":"https:\/\/oldfashionedclub.com\/en\/shop\/square-hermes-square-projects\/","title":{"rendered":"Square Herm\u00e8s &#8220;Square projects"},"content":{"rendered":"","protected":false},"excerpt":{"rendered":"<p>Herm\u00e8s &#8220;Projets carr\u00e9s&#8221; silk square. Made in France. In very good condition.<\/p>\n","protected":false},"featured_media":48768,"template":"","meta":[],"product_brand":[],"product_cat":[272,331,178],"product_tag":[],"class_list":{"0":"post-56509","1":"product","2":"type-product","3":"status-publish","4":"has-post-thumbnail","6":"product_cat-accessoires","7":"product_cat-foulards-echarpes","8":"product_cat-femme","9":"pa_boites-oui","10":"pa_couleur-noir","11":"pa_couleur-orange","12":"pa_etat-tres-bon-etat","13":"pa_matiere-soie","14":"pa_pays-de-fabrication-france-en","15":"ts_product_brand-hermes-en","17":"first","18":"outofstock","19":"sold-individually","20":"shipping-taxable","21":"purchasable","22":"product-type-simple","23":"add-to-wishlist-after_add_to_cart"},"_links":{"self":[{"href":"https:\/\/oldfashionedclub.com\/en\/wp-json\/wp\/v2\/product\/56509","targetHints":{"allow":["GET"]}}],"collection":[{"href":"https:\/\/oldfashionedclub.com\/en\/wp-json\/wp\/v2\/product"}],"about":[{"href":"https:\/\/oldfashionedclub.com\/en\/wp-json\/wp\/v2\/types\/product"}],"version-history":[{"count":0,"href":"https:\/\/oldfashionedclub.com\/en\/wp-json\/wp\/v2\/product\/56509\/revisions"}],"wp:featuredmedia":[{"embeddable":true,"href":"https:\/\/oldfashionedclub.com\/en\/wp-json\/wp\/v2\/media\/48768"}],"wp:attachment":[{"href":"https:\/\/oldfashionedclub.com\/en\/wp-json\/wp\/v2\/media?parent=56509"}],"wp:term":[{"taxonomy":"product_brand","embeddable":true,"href":"https:\/\/oldfashionedclub.com\/en\/wp-json\/wp\/v2\/product_brand?post=56509"},{"taxonomy":"product_cat","embeddable":true,"href":"https:\/\/oldfashionedclub.com\/en\/wp-json\/wp\/v2\/product_cat?post=56509"},{"taxonomy":"product_tag","embeddable":true,"href":"https:\/\/oldfashionedclub.com\/en\/wp-json\/wp\/v2\/product_tag?post=56509"}],"curies":[{"name":"wp","href":"https:\/\/api.w.org\/{rel}","templated":true}]}}