{"id":56584,"date":"2023-01-16T14:45:14","date_gmt":"2023-01-16T13:45:14","guid":{"rendered":"https:\/\/oldfashionedclub.com\/shop\/hermes-la-maison-des-carres-shawl\/"},"modified":"2023-01-16T14:45:14","modified_gmt":"2023-01-16T13:45:14","slug":"hermes-la-maison-des-carres-shawl","status":"publish","type":"product","link":"https:\/\/oldfashionedclub.com\/en\/shop\/hermes-la-maison-des-carres-shawl\/","title":{"rendered":"Herm\u00e8s &#8220;La maison des carr\u00e9s&#8221; shawl"},"content":{"rendered":"","protected":false},"excerpt":{"rendered":"<p>Herm\u00e8s &#8220;La Maison des carr\u00e9s&#8221; shawl in cashmere and silk. Never worn.<\/p>\n","protected":false},"featured_media":47830,"template":"","meta":[],"product_brand":[],"product_cat":[272,331,178],"product_tag":[],"class_list":{"0":"post-56584","1":"product","2":"type-product","3":"status-publish","4":"has-post-thumbnail","6":"product_cat-accessoires","7":"product_cat-foulards-echarpes","8":"product_cat-femme","9":"pa_boites-non","10":"pa_couleur-jaune","11":"pa_dustbag-old-fashioned-club","12":"pa_etat-jamais-porte","13":"pa_matiere-cachemire","14":"pa_matiere-soie","15":"pa_pays-de-fabrication-france-en","16":"ts_product_brand-hermes-en","18":"first","19":"outofstock","20":"sold-individually","21":"shipping-taxable","22":"purchasable","23":"product-type-simple","24":"add-to-wishlist-after_add_to_cart"},"_links":{"self":[{"href":"https:\/\/oldfashionedclub.com\/en\/wp-json\/wp\/v2\/product\/56584","targetHints":{"allow":["GET"]}}],"collection":[{"href":"https:\/\/oldfashionedclub.com\/en\/wp-json\/wp\/v2\/product"}],"about":[{"href":"https:\/\/oldfashionedclub.com\/en\/wp-json\/wp\/v2\/types\/product"}],"version-history":[{"count":0,"href":"https:\/\/oldfashionedclub.com\/en\/wp-json\/wp\/v2\/product\/56584\/revisions"}],"wp:featuredmedia":[{"embeddable":true,"href":"https:\/\/oldfashionedclub.com\/en\/wp-json\/wp\/v2\/media\/47830"}],"wp:attachment":[{"href":"https:\/\/oldfashionedclub.com\/en\/wp-json\/wp\/v2\/media?parent=56584"}],"wp:term":[{"taxonomy":"product_brand","embeddable":true,"href":"https:\/\/oldfashionedclub.com\/en\/wp-json\/wp\/v2\/product_brand?post=56584"},{"taxonomy":"product_cat","embeddable":true,"href":"https:\/\/oldfashionedclub.com\/en\/wp-json\/wp\/v2\/product_cat?post=56584"},{"taxonomy":"product_tag","embeddable":true,"href":"https:\/\/oldfashionedclub.com\/en\/wp-json\/wp\/v2\/product_tag?post=56584"}],"curies":[{"name":"wp","href":"https:\/\/api.w.org\/{rel}","templated":true}]}}