{"id":56642,"date":"2023-04-29T14:13:00","date_gmt":"2023-04-29T12:13:00","guid":{"rendered":"https:\/\/oldfashionedclub.com\/shop\/medor-hermes-crocodile-green-bracelet\/"},"modified":"2025-02-17T12:27:58","modified_gmt":"2025-02-17T11:27:58","slug":"medor-hermes-crocodile-green-bracelet","status":"publish","type":"product","link":"https:\/\/oldfashionedclub.com\/en\/shop\/medor-hermes-crocodile-green-bracelet\/","title":{"rendered":"Medor Herm\u00e8s crocodile green bracelet"},"content":{"rendered":"","protected":false},"excerpt":{"rendered":"<p>M\u00e9dor Herm\u00e8s bracelet in green crocodile. Snap closure. Delivered in its original dustbag. In very good condition. S sales.<\/p>\n","protected":false},"featured_media":49873,"template":"","meta":[],"product_brand":[],"product_cat":[298,224,220,178],"product_tag":[],"class_list":{"0":"post-56642","1":"product","2":"type-product","3":"status-publish","4":"has-post-thumbnail","6":"product_cat-bracelets-et-manchettes","7":"product_cat-bijoux","8":"product_cat-collection-prestige","9":"product_cat-femme","10":"pa_bijouterie-dore","11":"pa_boites-oldfashionedclub","12":"pa_couleur-vert","13":"pa_dustbag-oui","14":"pa_etat-tres-bon-etat","15":"pa_matiere-crocodile","16":"pa_pays-de-fabrication-france-en","17":"ts_product_brand-hermes-en","19":"first","20":"outofstock","21":"sold-individually","22":"shipping-taxable","23":"purchasable","24":"product-type-simple","25":"add-to-wishlist-after_add_to_cart"},"_links":{"self":[{"href":"https:\/\/oldfashionedclub.com\/en\/wp-json\/wp\/v2\/product\/56642","targetHints":{"allow":["GET"]}}],"collection":[{"href":"https:\/\/oldfashionedclub.com\/en\/wp-json\/wp\/v2\/product"}],"about":[{"href":"https:\/\/oldfashionedclub.com\/en\/wp-json\/wp\/v2\/types\/product"}],"version-history":[{"count":0,"href":"https:\/\/oldfashionedclub.com\/en\/wp-json\/wp\/v2\/product\/56642\/revisions"}],"wp:featuredmedia":[{"embeddable":true,"href":"https:\/\/oldfashionedclub.com\/en\/wp-json\/wp\/v2\/media\/49873"}],"wp:attachment":[{"href":"https:\/\/oldfashionedclub.com\/en\/wp-json\/wp\/v2\/media?parent=56642"}],"wp:term":[{"taxonomy":"product_brand","embeddable":true,"href":"https:\/\/oldfashionedclub.com\/en\/wp-json\/wp\/v2\/product_brand?post=56642"},{"taxonomy":"product_cat","embeddable":true,"href":"https:\/\/oldfashionedclub.com\/en\/wp-json\/wp\/v2\/product_cat?post=56642"},{"taxonomy":"product_tag","embeddable":true,"href":"https:\/\/oldfashionedclub.com\/en\/wp-json\/wp\/v2\/product_tag?post=56642"}],"curies":[{"name":"wp","href":"https:\/\/api.w.org\/{rel}","templated":true}]}}