{"id":56652,"date":"2023-05-22T12:38:06","date_gmt":"2023-05-22T10:38:06","guid":{"rendered":"https:\/\/oldfashionedclub.com\/shop\/hermes-decoupages-square\/"},"modified":"2025-02-17T12:24:58","modified_gmt":"2025-02-17T11:24:58","slug":"hermes-decoupages-square","status":"publish","type":"product","link":"https:\/\/oldfashionedclub.com\/en\/shop\/hermes-decoupages-square\/","title":{"rendered":"Herm\u00e8s &#8220;D\u00e9coupages&#8221; square"},"content":{"rendered":"","protected":false},"excerpt":{"rendered":"<p>Carr\u00e9 Herm\u00e8s Silk cut-outs. In very good condition.  <\/p>\n","protected":false},"featured_media":49939,"template":"","meta":[],"product_brand":[],"product_cat":[272,331,178],"product_tag":[],"class_list":{"0":"post-56652","1":"product","2":"type-product","3":"status-publish","4":"has-post-thumbnail","6":"product_cat-accessoires","7":"product_cat-foulards-echarpes","8":"product_cat-femme","9":"pa_couleur-multicolore","10":"pa_dustbag-old-fashioned-club","11":"pa_etat-tres-bon-etat","12":"pa_matiere-soie","13":"pa_pays-de-fabrication-france-en","14":"ts_product_brand-hermes-en","16":"first","17":"outofstock","18":"sold-individually","19":"shipping-taxable","20":"purchasable","21":"product-type-simple","22":"add-to-wishlist-after_add_to_cart"},"_links":{"self":[{"href":"https:\/\/oldfashionedclub.com\/en\/wp-json\/wp\/v2\/product\/56652","targetHints":{"allow":["GET"]}}],"collection":[{"href":"https:\/\/oldfashionedclub.com\/en\/wp-json\/wp\/v2\/product"}],"about":[{"href":"https:\/\/oldfashionedclub.com\/en\/wp-json\/wp\/v2\/types\/product"}],"version-history":[{"count":0,"href":"https:\/\/oldfashionedclub.com\/en\/wp-json\/wp\/v2\/product\/56652\/revisions"}],"wp:featuredmedia":[{"embeddable":true,"href":"https:\/\/oldfashionedclub.com\/en\/wp-json\/wp\/v2\/media\/49939"}],"wp:attachment":[{"href":"https:\/\/oldfashionedclub.com\/en\/wp-json\/wp\/v2\/media?parent=56652"}],"wp:term":[{"taxonomy":"product_brand","embeddable":true,"href":"https:\/\/oldfashionedclub.com\/en\/wp-json\/wp\/v2\/product_brand?post=56652"},{"taxonomy":"product_cat","embeddable":true,"href":"https:\/\/oldfashionedclub.com\/en\/wp-json\/wp\/v2\/product_cat?post=56652"},{"taxonomy":"product_tag","embeddable":true,"href":"https:\/\/oldfashionedclub.com\/en\/wp-json\/wp\/v2\/product_tag?post=56652"}],"curies":[{"name":"wp","href":"https:\/\/api.w.org\/{rel}","templated":true}]}}