{"id":62084,"date":"2023-02-02T17:03:36","date_gmt":"2023-02-02T16:03:36","guid":{"rendered":"https:\/\/oldfashionedclub.com\/shop\/hermes-onde-de-chic-square\/"},"modified":"2023-02-02T17:03:36","modified_gmt":"2023-02-02T16:03:36","slug":"hermes-onde-de-chic-square","status":"publish","type":"product","link":"https:\/\/oldfashionedclub.com\/en\/shop\/hermes-onde-de-chic-square\/","title":{"rendered":"Herm\u00e8s &#8220;Onde de chic&#8221; square"},"content":{"rendered":"","protected":false},"excerpt":{"rendered":"<p>Herm\u00e8s &#8220;Onde de chic&#8221; silk square. In very good condition. It will be delivered in its original Herm\u00e8s box.<\/p>\n","protected":false},"featured_media":48157,"template":"","meta":[],"product_brand":[],"product_cat":[272,331,178],"product_tag":[],"class_list":{"0":"post-62084","1":"product","2":"type-product","3":"status-publish","4":"has-post-thumbnail","6":"product_cat-accessoires","7":"product_cat-foulards-echarpes","8":"product_cat-femme","9":"pa_boites-oui","10":"pa_couleur-blanc-casse","11":"pa_couleur-rose","12":"pa_etat-tres-bon-etat","13":"pa_matiere-soie","14":"pa_pays-de-fabrication-france-en","15":"ts_product_brand-hermes-en","17":"first","18":"instock","19":"sold-individually","20":"shipping-taxable","21":"purchasable","22":"product-type-simple","23":"add-to-wishlist-after_add_to_cart"},"_links":{"self":[{"href":"https:\/\/oldfashionedclub.com\/en\/wp-json\/wp\/v2\/product\/62084","targetHints":{"allow":["GET"]}}],"collection":[{"href":"https:\/\/oldfashionedclub.com\/en\/wp-json\/wp\/v2\/product"}],"about":[{"href":"https:\/\/oldfashionedclub.com\/en\/wp-json\/wp\/v2\/types\/product"}],"version-history":[{"count":0,"href":"https:\/\/oldfashionedclub.com\/en\/wp-json\/wp\/v2\/product\/62084\/revisions"}],"wp:featuredmedia":[{"embeddable":true,"href":"https:\/\/oldfashionedclub.com\/en\/wp-json\/wp\/v2\/media\/48157"}],"wp:attachment":[{"href":"https:\/\/oldfashionedclub.com\/en\/wp-json\/wp\/v2\/media?parent=62084"}],"wp:term":[{"taxonomy":"product_brand","embeddable":true,"href":"https:\/\/oldfashionedclub.com\/en\/wp-json\/wp\/v2\/product_brand?post=62084"},{"taxonomy":"product_cat","embeddable":true,"href":"https:\/\/oldfashionedclub.com\/en\/wp-json\/wp\/v2\/product_cat?post=62084"},{"taxonomy":"product_tag","embeddable":true,"href":"https:\/\/oldfashionedclub.com\/en\/wp-json\/wp\/v2\/product_tag?post=62084"}],"curies":[{"name":"wp","href":"https:\/\/api.w.org\/{rel}","templated":true}]}}