{"id":63901,"date":"2024-11-07T17:27:49","date_gmt":"2024-11-07T16:27:49","guid":{"rendered":"https:\/\/oldfashionedclub.com\/shop\/chanel-classique-black-bag\/"},"modified":"2026-03-02T03:02:15","modified_gmt":"2026-03-02T02:02:15","slug":"sac-chanel-classique-noir","status":"publish","type":"product","link":"https:\/\/oldfashionedclub.com\/en\/shop\/sac-chanel-classique-noir\/","title":{"rendered":"Sac Chanel Classique noir"},"content":{"rendered":"<p data-start=\"788\" data-end=\"1512\"><strong data-start=\"788\" data-end=\"814\">Historique du Mod\u00e8le :<\/strong><br data-start=\"814\" data-end=\"817\" \/>Le sac \u00e0 rabat Timeless Classic a \u00e9t\u00e9 introduit dans les ann\u00e9es 1980 sous l\u2019impulsion de Karl Lagerfeld, en r\u00e9interpr\u00e9tation du l\u00e9gendaire 2.55 imagin\u00e9 par Gabrielle Chanel en f\u00e9vrier 1955. Si la structure d\u2019origine est conserv\u00e9e \u2014 rabat, cha\u00eene entrelac\u00e9e, matelassage losang\u00e9 \u2014 le Timeless ajoute un fermoir CC tournant, devenu l\u2019un des symboles les plus forts de la maison. Ce mod\u00e8le synth\u00e9tise l\u2019\u00e9l\u00e9gance parisienne avec une dimension pratique, s\u2019imposant comme un essentiel du vestiaire f\u00e9minin de luxe. Tr\u00e8s recherch\u00e9 sur le march\u00e9 vintage, notamment dans cette version en cuir d\u2019agneau noir avec bijouterie dor\u00e9e, il est consid\u00e9r\u00e9 comme une valeur s\u00fbre, ind\u00e9modable et toujours d\u00e9sirable.<\/p>\n<p data-start=\"1514\" data-end=\"2172\"><strong data-start=\"1514\" data-end=\"1538\">D\u00e9tails Ext\u00e9rieurs :<\/strong><br data-start=\"1538\" data-end=\"1541\" \/>Le cuir d\u2019agneau noir pr\u00e9sente un matelassage losang\u00e9 pr\u00e9cis, avec des surpiq\u00fbres ton sur ton qui dessinent une grille r\u00e9guli\u00e8re sur toute la surface. Le rabat frontal est dot\u00e9 du fermoir double C en m\u00e9tal dor\u00e9 poli, \u00e0 fermeture tournante, embl\u00e9matique de la ligne Timeless. La cha\u00eene \u00e9paisse \u00e0 maillons dor\u00e9s, entrelac\u00e9e de cuir noir, permet un port\u00e9 ajustable, \u00e0 l\u2019\u00e9paule en double ou en crossbody en simple selon les occasions. Une poche arri\u00e8re en demi-lune est int\u00e9gr\u00e9e \u00e0 l\u2019arri\u00e8re du sac, pratique pour y glisser des effets d\u2019acc\u00e8s rapide. Le fond est plat, structur\u00e9, assurant une bonne tenue du sac m\u00eame lorsqu\u2019il est pos\u00e9.<\/p>\n<p data-start=\"2174\" data-end=\"2821\"><strong data-start=\"2174\" data-end=\"2198\">D\u00e9tails Int\u00e9rieurs :<\/strong><br data-start=\"2198\" data-end=\"2201\" \/>L\u2019int\u00e9rieur du sac est doubl\u00e9 en cuir lisse bordeaux, une teinte exclusive et historique des sacs \u00e0 rabat Chanel. On y trouve un compartiment principal spacieux, une poche zipp\u00e9e sur le rabat int\u00e9rieur, deux poches plaqu\u00e9es sur la paroi avant ainsi qu\u2019un logement pour rouge \u00e0 l\u00e8vres, t\u00e9moignant de la r\u00e9flexion fonctionnelle du design original. Le cuir int\u00e9rieur est propre, bien tendu, et porte l\u2019embossage &#8220;CHANEL\u00ae Made in France&#8221; dor\u00e9. Le num\u00e9ro de s\u00e9rie d\u2019origine est pr\u00e9sent \u00e0 l\u2019int\u00e9rieur du sac, correspondant \u00e0 la p\u00e9riode de production, et la carte d\u2019authenticit\u00e9 noire avec bordure dor\u00e9e l\u2019accompagne \u00e9galement.<\/p>\n<p data-start=\"2823\" data-end=\"3313\"><strong data-start=\"2823\" data-end=\"2844\">\u00c9tat du Produit :<\/strong><br data-start=\"2844\" data-end=\"2847\" \/>Ce sac est en tr\u00e8s bon \u00e9tat g\u00e9n\u00e9ral, avec une belle conservation du cuir d\u2019agneau : la surface est souple, uniforme, sans rayures profondes ni plis marqu\u00e9s. Le matelassage est bien conserv\u00e9, les coutures sont solides, et les coins ne pr\u00e9sentent pas de traces d\u2019usure majeures. La bijouterie dor\u00e9e est brillante, sans oxydation, y compris sur le fermoir et la cha\u00eene. L\u2019int\u00e9rieur en cuir bordeaux est propre, sans taches, et conserve sa structure d\u2019origine.<\/p>\n<p data-start=\"3315\" data-end=\"3824\"><strong data-start=\"3315\" data-end=\"3341\">Conseils d\u2019Entretien :<\/strong><br data-start=\"3341\" data-end=\"3344\" \/>Le cuir d\u2019agneau est une mati\u00e8re fine et d\u00e9licate : il est conseill\u00e9 de le manipuler avec soin, d\u2019\u00e9viter l\u2019exposition prolong\u00e9e au soleil, \u00e0 l\u2019humidit\u00e9 et aux frottements. Utiliser un chiffon doux et sec pour un nettoyage r\u00e9gulier, et un lait nourrissant sp\u00e9cifique au cuir d\u2019agneau de mani\u00e8re occasionnelle. Ranger le sac dans sa housse en coton, garni de papier de soie non acide pour pr\u00e9server sa forme. \u00c9viter de suspendre le sac par la cha\u00eene afin de ne pas marquer le rabat.<\/p>\n<p data-start=\"3826\" data-end=\"4403\" data-is-last-node=\"\" data-is-only-node=\"\"><strong data-start=\"3826\" data-end=\"3859\">Pourquoi Choisir ce Produit :<\/strong><br data-start=\"3859\" data-end=\"3862\" \/>Le Chanel Timeless vintage en cuir d\u2019agneau noir est une pi\u00e8ce embl\u00e9matique de la maroquinerie de luxe, reconnu pour son \u00e9l\u00e9gance discr\u00e8te et sa fonctionnalit\u00e9 raffin\u00e9e. Il incarne un h\u00e9ritage historique et stylistique unique, tout en restant parfaitement adapt\u00e9 \u00e0 un usage contemporain. Accompagn\u00e9 de sa carte d\u2019authenticit\u00e9, ce mod\u00e8le r\u00e9unit tous les crit\u00e8res recherch\u00e9s par les amateurs de vintage : authenticit\u00e9, conservation remarquable, et intemporalit\u00e9 du design. C\u2019est un investissement \u00e0 la fois esth\u00e9tique, pratique et patrimonial.<\/p>\n","protected":false},"excerpt":{"rendered":"<p data-start=\"0\" data-end=\"786\">Ce sac Chanel Timeless vintage est confectionn\u00e9 en cuir d\u2019agneau matelass\u00e9 noir, une mati\u00e8re embl\u00e9matique de la maison, appr\u00e9ci\u00e9e pour sa douceur au toucher et son \u00e9clat subtil. Dot\u00e9 de la silhouette iconique \u00e0 double rabat, il est muni d\u2019une bandouli\u00e8re cha\u00eene dor\u00e9e entrelac\u00e9e de cuir, permettant un port\u00e9 \u00e9paule simple ou double. Le fermoir sigl\u00e9 du double C en m\u00e9tal dor\u00e9 poli orne le rabat avec \u00e9l\u00e9gance. Ce mod\u00e8le dispose d\u2019un compartiment principal \u00e0 fermeture \u00e0 pression et de multiples rangements int\u00e9rieurs. Le cuir conserve toute sa souplesse et sa structure, tandis que la bijouterie dor\u00e9e reste brillante et homog\u00e8ne. Il est accompagn\u00e9 de sa carte d\u2019authenticit\u00e9 d\u2019origine. En tr\u00e8s bon \u00e9tat, ce sac incarne l\u2019essence du luxe intemporel propre \u00e0 Chanel.<\/p>\n","protected":false},"featured_media":63890,"template":"","meta":[],"product_brand":[],"product_cat":[1126,1150,1152,1151],"product_tag":[],"class_list":{"0":"post-63901","1":"product","2":"type-product","3":"status-publish","4":"has-post-thumbnail","6":"product_cat-bags-en-2","7":"product_cat-iconic-models","8":"product_cat-shoulder-rests","9":"product_cat-timeless-chanel-en","10":"pa_annee-1991-en","11":"pa_annee-1994-en","12":"pa_bijouterie-24k-gold-plated-metal","13":"pa_boites-no","14":"pa_carte-dauthenticite-yes","15":"pa_couleur-black","16":"pa_dustbag-old-fashioned-club-en","17":"pa_etat-very-good-condition","18":"pa_hologramme-434","19":"pa_matiere-lamb-leather","20":"pa_pays-de-fabrication-france-en","21":"pa_taille-sac-25cm","22":"ts_product_brand-chanel-en","24":"first","25":"instock","26":"sold-individually","27":"shipping-taxable","28":"purchasable","29":"product-type-simple","30":"add-to-wishlist-after_add_to_cart"},"_links":{"self":[{"href":"https:\/\/oldfashionedclub.com\/en\/wp-json\/wp\/v2\/product\/63901","targetHints":{"allow":["GET"]}}],"collection":[{"href":"https:\/\/oldfashionedclub.com\/en\/wp-json\/wp\/v2\/product"}],"about":[{"href":"https:\/\/oldfashionedclub.com\/en\/wp-json\/wp\/v2\/types\/product"}],"version-history":[{"count":1,"href":"https:\/\/oldfashionedclub.com\/en\/wp-json\/wp\/v2\/product\/63901\/revisions"}],"predecessor-version":[{"id":87701,"href":"https:\/\/oldfashionedclub.com\/en\/wp-json\/wp\/v2\/product\/63901\/revisions\/87701"}],"wp:featuredmedia":[{"embeddable":true,"href":"https:\/\/oldfashionedclub.com\/en\/wp-json\/wp\/v2\/media\/63890"}],"wp:attachment":[{"href":"https:\/\/oldfashionedclub.com\/en\/wp-json\/wp\/v2\/media?parent=63901"}],"wp:term":[{"taxonomy":"product_brand","embeddable":true,"href":"https:\/\/oldfashionedclub.com\/en\/wp-json\/wp\/v2\/product_brand?post=63901"},{"taxonomy":"product_cat","embeddable":true,"href":"https:\/\/oldfashionedclub.com\/en\/wp-json\/wp\/v2\/product_cat?post=63901"},{"taxonomy":"product_tag","embeddable":true,"href":"https:\/\/oldfashionedclub.com\/en\/wp-json\/wp\/v2\/product_tag?post=63901"}],"curies":[{"name":"wp","href":"https:\/\/api.w.org\/{rel}","templated":true}]}}