{"id":66143,"date":"2024-12-05T15:15:38","date_gmt":"2024-12-05T14:15:38","guid":{"rendered":"https:\/\/oldfashionedclub.com\/shop\/glenan-bracelet-hermes-black\/"},"modified":"2024-12-05T15:15:38","modified_gmt":"2024-12-05T14:15:38","slug":"glenan-bracelet-hermes-black","status":"publish","type":"product","link":"https:\/\/oldfashionedclub.com\/en\/shop\/glenan-bracelet-hermes-black\/","title":{"rendered":"Gl\u00e9nan bracelet Herm\u00e8s black"},"content":{"rendered":"","protected":false},"excerpt":{"rendered":"<p>Hermes Gl\u00e9nan bracelet in black leather with silver buckle. In very good condition.<\/p>\n","protected":false},"featured_media":66139,"template":"","meta":[],"product_brand":[],"product_cat":[1140,1115],"product_tag":[],"class_list":{"0":"post-66143","1":"product","2":"type-product","3":"status-publish","4":"has-post-thumbnail","6":"product_cat-bracelets-and-cuffs","7":"product_cat-jewelry-en","8":"pa_bijouterie-silver","9":"pa_boites-oldfashionedclub-en","10":"pa_couleur-black","11":"pa_dustbag-old-fashioned-club-en","12":"pa_etat-very-good-condition","13":"pa_matiere-leather","14":"pa_matiere-metal-en","15":"pa_pays-de-fabrication-france-en","16":"ts_product_brand-hermes-en","18":"first","19":"outofstock","20":"sold-individually","21":"shipping-taxable","22":"purchasable","23":"product-type-simple","24":"add-to-wishlist-after_add_to_cart"},"_links":{"self":[{"href":"https:\/\/oldfashionedclub.com\/en\/wp-json\/wp\/v2\/product\/66143","targetHints":{"allow":["GET"]}}],"collection":[{"href":"https:\/\/oldfashionedclub.com\/en\/wp-json\/wp\/v2\/product"}],"about":[{"href":"https:\/\/oldfashionedclub.com\/en\/wp-json\/wp\/v2\/types\/product"}],"version-history":[{"count":0,"href":"https:\/\/oldfashionedclub.com\/en\/wp-json\/wp\/v2\/product\/66143\/revisions"}],"wp:featuredmedia":[{"embeddable":true,"href":"https:\/\/oldfashionedclub.com\/en\/wp-json\/wp\/v2\/media\/66139"}],"wp:attachment":[{"href":"https:\/\/oldfashionedclub.com\/en\/wp-json\/wp\/v2\/media?parent=66143"}],"wp:term":[{"taxonomy":"product_brand","embeddable":true,"href":"https:\/\/oldfashionedclub.com\/en\/wp-json\/wp\/v2\/product_brand?post=66143"},{"taxonomy":"product_cat","embeddable":true,"href":"https:\/\/oldfashionedclub.com\/en\/wp-json\/wp\/v2\/product_cat?post=66143"},{"taxonomy":"product_tag","embeddable":true,"href":"https:\/\/oldfashionedclub.com\/en\/wp-json\/wp\/v2\/product_tag?post=66143"}],"curies":[{"name":"wp","href":"https:\/\/api.w.org\/{rel}","templated":true}]}}