{"id":72313,"date":"2025-04-14T13:17:24","date_gmt":"2025-04-14T11:17:24","guid":{"rendered":"https:\/\/oldfashionedclub.com\/shop\/birkin-35-hermes-epsom-etoupe-back-blue\/"},"modified":"2025-04-14T13:17:24","modified_gmt":"2025-04-14T11:17:24","slug":"birkin-35-hermes-epsom-etoupe-back-blue","status":"publish","type":"product","link":"https:\/\/oldfashionedclub.com\/en\/shop\/birkin-35-hermes-epsom-etoupe-back-blue\/","title":{"rendered":"Birkin 35 Herm\u00e8s epsom etoupe back blue"},"content":{"rendered":"","protected":false},"excerpt":{"rendered":"<p>Sas Birkin 35 Herm\u00e8s in epsom \u00e9toupe leather with blue interior (see photos). Hand-carried with two handles.  Silver jewelry. Pull cord, bell, padlock and key. Letter O in a square, year 2011. In very good condition. Very slight scratches on the fittings. Delivered in its original dustbag.<\/p>\n","protected":false},"featured_media":72162,"template":"","meta":[],"product_brand":[],"product_cat":[1126,1241,1174,1150],"product_tag":[],"class_list":{"0":"post-72313","1":"product","2":"type-product","3":"status-publish","4":"has-post-thumbnail","6":"product_cat-bags-en-2","7":"product_cat-birkin-hermes-en","8":"product_cat-handbags","9":"product_cat-iconic-models","10":"pa_annee-2011-en","11":"pa_bijouterie-silver","12":"pa_boites-no","13":"pa_couleur-blue-jeans","14":"pa_couleur-tow","15":"pa_dustbag-from-the-brand","16":"pa_etat-very-good-condition","17":"pa_matiere-epsom-leather","18":"pa_pays-de-fabrication-france-en","19":"pa_taille-sac-35cm-en","20":"ts_product_brand-hermes-en","22":"first","23":"outofstock","24":"sold-individually","25":"shipping-taxable","26":"purchasable","27":"product-type-simple","28":"add-to-wishlist-after_add_to_cart"},"_links":{"self":[{"href":"https:\/\/oldfashionedclub.com\/en\/wp-json\/wp\/v2\/product\/72313","targetHints":{"allow":["GET"]}}],"collection":[{"href":"https:\/\/oldfashionedclub.com\/en\/wp-json\/wp\/v2\/product"}],"about":[{"href":"https:\/\/oldfashionedclub.com\/en\/wp-json\/wp\/v2\/types\/product"}],"version-history":[{"count":0,"href":"https:\/\/oldfashionedclub.com\/en\/wp-json\/wp\/v2\/product\/72313\/revisions"}],"wp:featuredmedia":[{"embeddable":true,"href":"https:\/\/oldfashionedclub.com\/en\/wp-json\/wp\/v2\/media\/72162"}],"wp:attachment":[{"href":"https:\/\/oldfashionedclub.com\/en\/wp-json\/wp\/v2\/media?parent=72313"}],"wp:term":[{"taxonomy":"product_brand","embeddable":true,"href":"https:\/\/oldfashionedclub.com\/en\/wp-json\/wp\/v2\/product_brand?post=72313"},{"taxonomy":"product_cat","embeddable":true,"href":"https:\/\/oldfashionedclub.com\/en\/wp-json\/wp\/v2\/product_cat?post=72313"},{"taxonomy":"product_tag","embeddable":true,"href":"https:\/\/oldfashionedclub.com\/en\/wp-json\/wp\/v2\/product_tag?post=72313"}],"curies":[{"name":"wp","href":"https:\/\/api.w.org\/{rel}","templated":true}]}}