{"id":79065,"date":"2025-05-20T17:38:39","date_gmt":"2025-05-20T15:38:39","guid":{"rendered":"https:\/\/oldfashionedclub.com\/shop\/herve-leger-bandage-powder-pink-dress\/"},"modified":"2025-05-20T17:38:39","modified_gmt":"2025-05-20T15:38:39","slug":"herve-leger-bandage-powder-pink-dress","status":"publish","type":"product","link":"https:\/\/oldfashionedclub.com\/en\/shop\/herve-leger-bandage-powder-pink-dress\/","title":{"rendered":"Herv\u00e9 L\u00e9ger &#8220;Bandage&#8221; powder pink dress"},"content":{"rendered":"","protected":false},"excerpt":{"rendered":"<p>Herv\u00e9 L\u00e9ger &#8220;Bandage&#8221; dress in powder pink rayon. V-neck. Tight on the upper part of the body and flounced on the lower part. Very elegant. Size XS, equivalent to a 34fr.    Never worn.<\/p>\n","protected":false},"featured_media":74580,"template":"","meta":[],"product_brand":[],"product_cat":[1132,1201,1171],"product_tag":[],"class_list":{"0":"post-79065","1":"product","2":"type-product","3":"status-publish","4":"has-post-thumbnail","6":"product_cat-clothing-en","7":"product_cat-dresses-and-skirts","8":"product_cat-evening-dresses","9":"pa_couleur-powder-pink","10":"pa_etat-never-worn","11":"pa_matiere-radius","12":"pa_pays-de-fabrication-china","13":"pa_taille-34-en","14":"pa_taille-xs-en","15":"ts_product_brand-herve-leger-en","17":"first","18":"outofstock","19":"sold-individually","20":"shipping-taxable","21":"purchasable","22":"product-type-simple","23":"add-to-wishlist-after_add_to_cart"},"_links":{"self":[{"href":"https:\/\/oldfashionedclub.com\/en\/wp-json\/wp\/v2\/product\/79065","targetHints":{"allow":["GET"]}}],"collection":[{"href":"https:\/\/oldfashionedclub.com\/en\/wp-json\/wp\/v2\/product"}],"about":[{"href":"https:\/\/oldfashionedclub.com\/en\/wp-json\/wp\/v2\/types\/product"}],"version-history":[{"count":0,"href":"https:\/\/oldfashionedclub.com\/en\/wp-json\/wp\/v2\/product\/79065\/revisions"}],"wp:featuredmedia":[{"embeddable":true,"href":"https:\/\/oldfashionedclub.com\/en\/wp-json\/wp\/v2\/media\/74580"}],"wp:attachment":[{"href":"https:\/\/oldfashionedclub.com\/en\/wp-json\/wp\/v2\/media?parent=79065"}],"wp:term":[{"taxonomy":"product_brand","embeddable":true,"href":"https:\/\/oldfashionedclub.com\/en\/wp-json\/wp\/v2\/product_brand?post=79065"},{"taxonomy":"product_cat","embeddable":true,"href":"https:\/\/oldfashionedclub.com\/en\/wp-json\/wp\/v2\/product_cat?post=79065"},{"taxonomy":"product_tag","embeddable":true,"href":"https:\/\/oldfashionedclub.com\/en\/wp-json\/wp\/v2\/product_tag?post=79065"}],"curies":[{"name":"wp","href":"https:\/\/api.w.org\/{rel}","templated":true}]}}