{"id":79069,"date":"2025-05-21T10:47:32","date_gmt":"2025-05-21T08:47:32","guid":{"rendered":"https:\/\/oldfashionedclub.com\/shop\/herve-leger-bandage-dress-blue\/"},"modified":"2025-05-21T10:47:32","modified_gmt":"2025-05-21T08:47:32","slug":"herve-leger-bandage-dress-blue","status":"publish","type":"product","link":"https:\/\/oldfashionedclub.com\/en\/shop\/herve-leger-bandage-dress-blue\/","title":{"rendered":"Herv\u00e9 L\u00e9ger &#8220;Bandage&#8221; dress blue"},"content":{"rendered":"","protected":false},"excerpt":{"rendered":"<p>Herv\u00e9 L\u00e9ger dress from the iconic &#8220;Bandage&#8221; collection in blue rayon. Round collar. Size XS, equivalent to a size 34fr. It hugs the body to perfection, giving it a sexy, feminine feel.  New condition.<\/p>\n","protected":false},"featured_media":74603,"template":"","meta":[],"product_brand":[],"product_cat":[179,180,190],"product_tag":[],"class_list":{"0":"post-79069","1":"product","2":"type-product","3":"status-publish","4":"has-post-thumbnail","6":"product_cat-vetements","7":"product_cat-robes-et-jupes","8":"product_cat-robes-du-soir","9":"pa_couleur-bleu","10":"pa_etat-neuf","11":"pa_matiere-rayon","12":"pa_taille-xs","13":"ts_product_brand-herve-leger-en","15":"first","16":"instock","17":"sold-individually","18":"shipping-taxable","19":"purchasable","20":"product-type-simple","21":"add-to-wishlist-after_add_to_cart"},"_links":{"self":[{"href":"https:\/\/oldfashionedclub.com\/en\/wp-json\/wp\/v2\/product\/79069","targetHints":{"allow":["GET"]}}],"collection":[{"href":"https:\/\/oldfashionedclub.com\/en\/wp-json\/wp\/v2\/product"}],"about":[{"href":"https:\/\/oldfashionedclub.com\/en\/wp-json\/wp\/v2\/types\/product"}],"version-history":[{"count":0,"href":"https:\/\/oldfashionedclub.com\/en\/wp-json\/wp\/v2\/product\/79069\/revisions"}],"wp:featuredmedia":[{"embeddable":true,"href":"https:\/\/oldfashionedclub.com\/en\/wp-json\/wp\/v2\/media\/74603"}],"wp:attachment":[{"href":"https:\/\/oldfashionedclub.com\/en\/wp-json\/wp\/v2\/media?parent=79069"}],"wp:term":[{"taxonomy":"product_brand","embeddable":true,"href":"https:\/\/oldfashionedclub.com\/en\/wp-json\/wp\/v2\/product_brand?post=79069"},{"taxonomy":"product_cat","embeddable":true,"href":"https:\/\/oldfashionedclub.com\/en\/wp-json\/wp\/v2\/product_cat?post=79069"},{"taxonomy":"product_tag","embeddable":true,"href":"https:\/\/oldfashionedclub.com\/en\/wp-json\/wp\/v2\/product_tag?post=79069"}],"curies":[{"name":"wp","href":"https:\/\/api.w.org\/{rel}","templated":true}]}}